{"id":6,"date":"2020-10-01T15:25:18","date_gmt":"2020-10-01T15:25:18","guid":{"rendered":"http:\/\/www.erpazgida.com\/?page_id=6"},"modified":"2022-04-20T09:30:12","modified_gmt":"2022-04-20T09:30:12","slug":"anasayfa","status":"publish","type":"page","link":"http:\/\/www.erpazgida.com\/","title":{"rendered":"Anasayfa"},"content":{"rendered":"<p>[vc_row full_width=&#8221;stretch_row&#8221; content_placement=&#8221;middle&#8221;][vc_column width=&#8221;1\/2&#8243;][vc_single_image image=&#8221;57&#8243; img_size=&#8221;full&#8221; alignment=&#8221;center&#8221; style=&#8221;vc_box_rounded&#8221;][\/vc_column][vc_column width=&#8221;1\/2&#8243;][vc_custom_heading text=&#8221;Hakk\u0131m\u0131zda&#8221; use_theme_fonts=&#8221;yes&#8221;][vc_separator color=&#8221;custom&#8221; align=&#8221;align_left&#8221; border_width=&#8221;3&#8243; el_width=&#8221;10&#8243; accent_color=&#8221;#ff0000&#8243;][vc_column_text]HAKKIMIZDA: 1994 y\u0131l\u0131nda g\u0131da ticareti yapmak \u00fczere kurulan Erpaz G\u0131da \u0130htiya\u00e7 Maddeleri \u0130malat ve Pazarlama Limited \u015eirketi, ticari hayat\u0131na 1995\u2019te g\u00fcven sermayesi ve 250m\u00b2 depolama alan\u0131 ile ba\u015flam\u0131\u015ft\u0131r. Toplu t\u00fcketim, perakende ve e-ticaret sekt\u00f6r\u00fcndeki geli\u015fmelere cevap verebilmek ad\u0131na y\u0131llar i\u00e7inde de\u011fi\u015ftirmi\u015f oldu\u011fu pazarlama ve hizmet anlay\u0131\u015f\u0131n\u0131 istikrarl\u0131 bir b\u00fcy\u00fcmeye ta\u015f\u0131m\u0131\u015ft\u0131r.[\/vc_column_text]<div class=\" ubtn-ctn-left \"><a class=\"ubtn-link ult-adjust-bottom-margin ubtn-left ubtn-large \" href=\"http:\/\/www.erpazgida.com\/index.php\/hakkimizda\/\" title=\"Hakk\u0131m\u0131zda\" ><button type=\"button\" id=\"ubtn-9968\"  class=\"ubtn ult-adjust-bottom-margin ult-responsive ubtn-large ubtn-fade-bg  none  ubtn-left   tooltip-69f56bd84d808\"  data-hover=\"#ffffff\" data-border-color=\"#ff0000\" data-bg=\"rgba(224,224,224,0.01)\" data-hover-bg=\"#ff0000\" data-border-hover=\"#ff0000\" data-shadow-hover=\"\" data-shadow-click=\"none\" data-shadow=\"\" data-shd-shadow=\"\"  data-ultimate-target='#ubtn-9968'  data-responsive-json-new='{\"font-size\":\"desktop:13px;\",\"line-height\":\"\"}'  style=\"font-weight:bold;border-radius:5px;border-width:1px;border-color:#ff0000;border-style:solid;background: rgba(224,224,224,0.01);color: #ff0000;\"><span class=\"ubtn-hover\" style=\"background-color:#ff0000\"><\/span><span class=\"ubtn-data ubtn-text \" >Hakk\u0131m\u0131zda<\/span><\/button><\/a><\/div>[\/vc_column][\/vc_row][vc_row][vc_column][vc_empty_space height=&#8221;70px&#8221;][\/vc_column][\/vc_row][vc_row full_width=&#8221;stretch_row&#8221; bg_type=&#8221;image&#8221; parallax_style=&#8221;vcpb-default&#8221; bg_image_new=&#8221;id^72|url^http:\/\/www.erpazgida.com\/wp-content\/uploads\/2022\/04\/17580-scaled.jpg|caption^elegant white background with shiny lines|alt^null|title^elegant white background with shiny lines|description^null&#8221;][vc_column][vc_empty_space height=&#8221;70px&#8221;][vc_custom_heading text=&#8221;\u00dcr\u00fcn Gruplar\u0131m\u0131z&#8221; font_container=&#8221;tag:h2|text_align:center|color:%23000000&#8243; use_theme_fonts=&#8221;yes&#8221;][vc_separator color=&#8221;custom&#8221; el_width=&#8221;20&#8243; accent_color=&#8221;#ff0000&#8243;][vc_row_inner gap=&#8221;15&#8243;][vc_column_inner width=&#8221;1\/4&#8243;][vc_single_image image=&#8221;79&#8243; img_size=&#8221;medium&#8221; onclick=&#8221;custom_link&#8221; link=&#8221;https:\/\/www.reisgida.com.tr\/urunlerimiz\/reis-pirinc\/1&#8243;][\/vc_column_inner][vc_column_inner width=&#8221;1\/4&#8243;][vc_single_image image=&#8221;97&#8243; img_size=&#8221;medium&#8221; onclick=&#8221;custom_link&#8221; link=&#8221;http:\/\/www.erpazgida.com\/wp-content\/uploads\/2022\/04\/BeypazariMadenSuyuKatalog.pdf&#8221;][\/vc_column_inner][vc_column_inner width=&#8221;1\/4&#8243;][vc_single_image image=&#8221;101&#8243; img_size=&#8221;medium&#8221; onclick=&#8221;custom_link&#8221; link=&#8221;http:\/\/www.erpazgida.com\/wp-content\/uploads\/2022\/04\/soke-katalog.pdf&#8221;][\/vc_column_inner][vc_column_inner width=&#8221;1\/4&#8243;][vc_single_image image=&#8221;76&#8243; img_size=&#8221;medium&#8221; onclick=&#8221;custom_link&#8221; link=&#8221;https:\/\/www.fiskobirlikefit.com\/kurumsaldetay\/urunlerimiz.html&#8221;][\/vc_column_inner][\/vc_row_inner][vc_empty_space height=&#8221;50px&#8221;][vc_row_inner gap=&#8221;15&#8243;][vc_column_inner width=&#8221;1\/4&#8243;][vc_single_image image=&#8221;75&#8243; img_size=&#8221;medium&#8221; onclick=&#8221;custom_link&#8221; link=&#8221;https:\/\/www.mutlumakarna.com.tr\/tr\/urunlerimiz&#8221;][\/vc_column_inner][vc_column_inner width=&#8221;1\/4&#8243;][vc_single_image image=&#8221;100&#8243; img_size=&#8221;medium&#8221; onclick=&#8221;custom_link&#8221; link=&#8221;https:\/\/www.koska.com\/tr\/urunler&#8221;][\/vc_column_inner][vc_column_inner width=&#8221;1\/4&#8243;][vc_single_image image=&#8221;98&#8243; img_size=&#8221;medium&#8221; onclick=&#8221;custom_link&#8221; link=&#8221;https:\/\/cemzeytin.com.tr\/tr\/sayfa\/katalog&#8221;][\/vc_column_inner][vc_column_inner width=&#8221;1\/4&#8243;][vc_single_image image=&#8221;99&#8243; img_size=&#8221;medium&#8221; onclick=&#8221;custom_link&#8221; link=&#8221;http:\/\/www.erpazgida.com\/wp-content\/uploads\/2022\/04\/kemal-kukrer.pdf&#8221;][\/vc_column_inner][\/vc_row_inner][vc_row_inner content_placement=&#8221;middle&#8221; gap=&#8221;15&#8243;][vc_column_inner width=&#8221;1\/4&#8243;][vc_single_image image=&#8221;102&#8243; img_size=&#8221;medium&#8221; onclick=&#8221;custom_link&#8221; link=&#8221;http:\/\/www.erpazgida.com\/wp-content\/uploads\/2022\/04\/tukas.pdf&#8221;][\/vc_column_inner][vc_column_inner width=&#8221;1\/4&#8243;][vc_single_image image=&#8221;112&#8243; img_size=&#8221;medium&#8221; onclick=&#8221;custom_link&#8221; link=&#8221;https:\/\/akfa.com.tr\/urunler.html&#8221;][\/vc_column_inner][vc_column_inner width=&#8221;1\/4&#8243;][vc_single_image image=&#8221;104&#8243; img_size=&#8221;medium&#8221; onclick=&#8221;custom_link&#8221; link=&#8221;http:\/\/www.erpazgida.com\/wp-content\/uploads\/2022\/04\/selected-pages.pdf&#8221;][\/vc_column_inner][vc_column_inner width=&#8221;1\/4&#8243;][vc_single_image image=&#8221;105&#8243; img_size=&#8221;medium&#8221; onclick=&#8221;custom_link&#8221; link=&#8221;https:\/\/www.aoc.gov.tr\/Portal\/UretimlerimizKategori\/mayalandirma-urunleri\/2&#8243;][\/vc_column_inner][\/vc_row_inner][vc_row_inner gap=&#8221;15&#8243;][vc_column_inner width=&#8221;1\/4&#8243;][vc_single_image image=&#8221;106&#8243; img_size=&#8221;medium&#8221; onclick=&#8221;custom_link&#8221; link=&#8221;https:\/\/www.sasu.com.tr\/ton-baligi-cesitleri\/&#8221;][\/vc_column_inner][vc_column_inner width=&#8221;1\/4&#8243;][\/vc_column_inner][vc_column_inner width=&#8221;1\/4&#8243;][\/vc_column_inner][vc_column_inner width=&#8221;1\/4&#8243;][\/vc_column_inner][\/vc_row_inner][vc_empty_space height=&#8221;70px&#8221;][\/vc_column][\/vc_row][vc_row][vc_column][vc_empty_space height=&#8221;70px&#8221;][\/vc_column][\/vc_row][vc_row full_width=&#8221;stretch_row&#8221; content_placement=&#8221;middle&#8221; css_animation=&#8221;bounceInDown&#8221; bg_type=&#8221;bg_color&#8221; bg_override=&#8221;full&#8221; type=&#8221;vc_default&#8221; kswr_row_top_decor_enabled=&#8221;false&#8221; kswr_row_bottom_decor_enabled=&#8221;false&#8221; bg_color_value=&#8221;#ffffff&#8221; css=&#8221;.vc_custom_1649332168272{background-color: #e1e1e1 !important;}&#8221;][vc_column width=&#8221;1\/2&#8243;][vc_empty_space height=&#8221;52px&#8221;][vc_custom_heading text=&#8221;<strong>Biz<\/strong> Sizi Arayal\u0131m ?&#8221; font_container=&#8221;tag:h3|font_size:30|text_align:left|color:%23000000&#8243; google_fonts=&#8221;font_family:Ubuntu%3A300%2C300italic%2Cregular%2Citalic%2C500%2C500italic%2C700%2C700italic|font_style:400%20regular%3A400%3Anormal&#8221;][vc_column_text]Hizmetlerimiz ile ilgili detayl\u0131 bilgi almak istiyorsan\u0131z a\u015fa\u011f\u0131daki ileti\u015fim bilgilerinden bize ula\u015fabilir yada numara b\u0131rakabilirsiniz .[\/vc_column_text][vc_row_inner][vc_column_inner width=&#8221;1\/2&#8243;]<div class=\"aio-icon-component    style_1\"><div id=\"Info-box-wrap-4957\" class=\"aio-icon-box default-icon\" style=\"\"  ><div class=\"aio-icon-default\"><div class=\"ult-just-icon-wrapper  \"><div class=\"align-icon\" style=\"text-align:center;\">\n<div class=\"aio-icon none \"  style=\"color:#ff0000;font-size:32px;display:inline-block;\">\n\t<i class=\"icomoon-the7-font-the7-phone-05\"><\/i>\n<\/div><\/div><\/div><\/div><div class=\"aio-icon-header\" ><h3 class=\"aio-icon-title ult-responsive\"  data-ultimate-target='#Info-box-wrap-4957 .aio-icon-title'  data-responsive-json-new='{\"font-size\":\"\",\"line-height\":\"\"}'  style=\"color:#000000;\">0212 474 44 93<\/h3><\/div> <!-- header --><\/div> <!-- aio-icon-box --><\/div> <!-- aio-icon-component -->[\/vc_column_inner][vc_column_inner width=&#8221;1\/2&#8243;]<div class=\"aio-icon-component    style_1\"><div id=\"Info-box-wrap-4964\" class=\"aio-icon-box default-icon\" style=\"\"  ><div class=\"aio-icon-default\"><div class=\"ult-just-icon-wrapper  \"><div class=\"align-icon\" style=\"text-align:center;\">\n<div class=\"aio-icon none \"  style=\"color:#ff0000;font-size:32px;display:inline-block;\">\n\t<i class=\"icomoon-the7-font-the7-mail-02\"><\/i>\n<\/div><\/div><\/div><\/div><div class=\"aio-icon-header\" ><h3 class=\"aio-icon-title ult-responsive\"  data-ultimate-target='#Info-box-wrap-4964 .aio-icon-title'  data-responsive-json-new='{\"font-size\":\"\",\"line-height\":\"\"}'  style=\"color:#000000;\">info@erpazgida.com<\/h3><\/div> <!-- header --><\/div> <!-- aio-icon-box --><\/div> <!-- aio-icon-component -->[\/vc_column_inner][\/vc_row_inner][vc_empty_space height=&#8221;52px&#8221;][\/vc_column][vc_column width=&#8221;1\/2&#8243;][vc_empty_space height=&#8221;80px&#8221;][vc_custom_heading text=&#8221;<strong>Bilgi<\/strong> Almak \u0130stiyorum!&#8221; font_container=&#8221;tag:h3|font_size:30|text_align:left|color:%23000000&#8243; google_fonts=&#8221;font_family:Ubuntu%3A300%2C300italic%2Cregular%2Citalic%2C500%2C500italic%2C700%2C700italic|font_style:400%20regular%3A400%3Anormal&#8221;][vc_empty_space][vc_column_text]<div data-uniq='69f56bd84e051' class='uniq-69f56bd84e051 formcraft-css form-live align-left'><div class='form-logic'>[]<\/div><div class=\"fc-pagination-cover fc-pagination-1\">\n\t\t\t\t\t\t<div class=\"fc-pagination\" style=\"width: 500px\">\n\t\t\t\t\t\t\t<div class=\"pagination-trigger \" data-index=\"0\">\n\t\t\t\t\t\t\t\t<span class=\"page-number\"><span >1<\/span><\/span>\n\t\t\t\t\t\t\t\t<span class=\"page-name \">Step 1<\/span>\n\t\t\t\t\t\t\t\t\n\t\t\t\t\t\t\t<\/div>\n\t\t\t\t\t\t<\/div>\n\t\t\t\t\t<\/div>\n\t\t\t\t\t\n\t\t\t\t\t<style scoped=\"scoped\" >\n\t\t\t\t\t\t.formcraft-css .fc-form.fc-form-1 .form-element .submit-cover .submit-button,\n\t\t\t\t\t\t.formcraft-css .fc-form.fc-form-1 .form-element .fileupload-cover .button-file,\n\t\t\t\t\t\t.formcraft-css .fc-form.fc-form-1 .form-element .field-cover .button,\n\t\t\t\t\t\t#ui-datepicker-div.fc-datepicker .ui-datepicker-header,\n\t\t\t\t\t\t.formcraft-css .fc-form .stripe-amount-show\n\t\t\t\t\t\t{\n\t\t\t\t\t\t\tbackground-color: #ff0000;\n\t\t\t\t\t\t\tcolor: #fff;\n\t\t\t\t\t\t}\n\t\t\t\t\t\t.formcraft-css .fc-form.fc-form-1 .form-element .slider-cover .ui-slider-range\n\t\t\t\t\t\t{\n\t\t\t\t\t\t\tbackground: #ff0000;\n\t\t\t\t\t\t}\n\t\t\t\t\t\t#ui-datepicker-div.fc-datepicker .ui-datepicker-header,\n\t\t\t\t\t\thtml .formcraft-css .fc-form .field-cover>div.full hr\n\t\t\t\t\t\t{\n\t\t\t\t\t\t\tborder-color: #e00000;\n\t\t\t\t\t\t}\n\t\t\t\t\t\t#ui-datepicker-div.fc-datepicker .ui-datepicker-prev:hover,\n\t\t\t\t\t\t#ui-datepicker-div.fc-datepicker .ui-datepicker-next:hover,\n\t\t\t\t\t\t#ui-datepicker-div.fc-datepicker select.ui-datepicker-month:hover,\n\t\t\t\t\t\t#ui-datepicker-div.fc-datepicker select.ui-datepicker-year:hover\n\t\t\t\t\t\t{\n\t\t\t\t\t\t\tbackground-color: #e00000;\n\t\t\t\t\t\t}\n\t\t\t\t\t\t.formcraft-css .fc-pagination>div.active .page-number,\n\t\t\t\t\t\t.formcraft-css .form-cover-builder .fc-pagination>div:first-child .page-number\n\t\t\t\t\t\t{\n\t\t\t\t\t\t\tbackground-color: #4488ee;\n\t\t\t\t\t\t\tborder-color: #3b77d1;\n\t\t\t\t\t\t\tcolor: #fff;\n\t\t\t\t\t\t}\n\t\t\t\t\t\t#ui-datepicker-div.fc-datepicker table.ui-datepicker-calendar th,\n\t\t\t\t\t\t#ui-datepicker-div.fc-datepicker table.ui-datepicker-calendar td.ui-datepicker-today a,\n\t\t\t\t\t\t.formcraft-css .fc-form.fc-form-1 .form-element .star-cover label,\n\t\t\t\t\t\thtml .formcraft-css .fc-form.label-floating .form-element .field-cover.has-focus>span,\n\t\t\t\t\t\t.formcraft-css .fc-form.fc-form-1 .form-element .customText-cover a,\n\t\t\t\t\t\thtml .formcraft-css .fc-form .form-element .slider-cover .range-max,\n\t\t\t\t\t\thtml .formcraft-css .fc-form .form-element .slider-cover .range-min,\n\t\t\t\t\t\t.formcraft-css .prev-next>div span:hover\n\t\t\t\t\t\t{\n\t\t\t\t\t\t\tcolor: #ff0000;\n\t\t\t\t\t\t}\n\t\t\t\t\t\t.formcraft-css .fc-form.fc-form-1 .form-element .customText-cover a:hover\n\t\t\t\t\t\t{\n\t\t\t\t\t\t\tcolor: #e00000;\n\t\t\t\t\t\t}\n\t\t\t\t\t\thtml .formcraft-css .fc-form.label-floating .form-element .field-cover > span\n\t\t\t\t\t\t{\n\t\t\t\t\t\t\tcolor: #000000;\n\t\t\t\t\t\t}\n\t\t\t\t\t\thtml .formcraft-css .fc-form.label-floating .form-element .field-cover input[type=\"text\"],\n\t\t\t\t\t\thtml .formcraft-css .fc-form.label-floating .form-element .field-cover input[type=\"password\"],\n\t\t\t\t\t\thtml .formcraft-css .fc-form.label-floating .form-element .field-cover input[type=\"tel\"],\n\t\t\t\t\t\thtml .formcraft-css .fc-form.label-floating .form-element .field-cover textarea,\n\t\t\t\t\t\thtml .formcraft-css .fc-form.label-floating .form-element .field-cover select,\n\t\t\t\t\t\thtml .formcraft-css .fc-form.label-floating .form-element .field-cover .time-fields-cover\n\t\t\t\t\t\t{\n\t\t\t\t\t\t\tborder-bottom-color: #000000;\n\t\t\t\t\t\t}\n\t\t\t\t\t\t.formcraft-css .fc-form.fc-form-1 .form-element .star-cover label .star\t\t\t\n\t\t\t\t\t\t{\n\t\t\t\t\t\t\ttext-shadow: 0px 1px 0px #e00000;\n\t\t\t\t\t\t}\n\t\t\t\t\t\t.formcraft-css .fc-form.fc-form-1 .form-element .slider-cover .ui-slider-range\n\t\t\t\t\t\t{\n\t\t\t\t\t\t\tbox-shadow: 0px 1px 1px #e00000 inset;\n\t\t\t\t\t\t}\n\t\t\t\t\t\t.formcraft-css .fc-form.fc-form-1 .form-element .fileupload-cover .button-file,\n\t\t\t\t\t\t.formcraft-css .fc-form.fc-form-1 .form-element .stripe-amount-show\n\t\t\t\t\t\t{\n\t\t\t\t\t\t\tborder-color: #e00000;\n\t\t\t\t\t\t}\n\t\t\t\t\t\t.formcraft-css .fc-form .stripe-cover.field-cover div.stripe-amount-show::before\n\t\t\t\t\t\t{\n\t\t\t\t\t\t\tborder-top-color: #e00000;\n\t\t\t\t\t\t}\n\t\t\t\t\t\t.formcraft-css .fc-form .stripe-cover.field-cover div.stripe-amount-show::after\n\t\t\t\t\t\t{\n\t\t\t\t\t\t\tborder-right-color: #ff0000;\n\t\t\t\t\t\t}\n\t\t\t\t\t\t.formcraft-css .fc-form.fc-form-1 .form-element .stripe-amount-show,\n\t\t\t\t\t\t.formcraft-css .fc-form.fc-form-1 .form-element .submit-cover .submit-button .text,\n\t\t\t\t\t\t.formcraft-css .fc-form.fc-form-1 .form-element .field-cover .button\n\t\t\t\t\t\t{\n\t\t\t\t\t\t\ttext-shadow: 1px 0px 3px #e00000;\n\t\t\t\t\t\t}\n\t\t\t\t\t\t.formcraft-css .fc-form.fc-form-1 input[type=\"checkbox\"]:checked,\n\t\t\t\t\t\t.formcraft-css .fc-form.fc-form-1 input[type=\"radio\"]:checked\n\t\t\t\t\t\t{\n\t\t\t\t\t\t\tborder-color: ;\n\t\t\t\t\t\t\tbackground-color: ;\t\t\t\t\t\t\n\t\t\t\t\t\t}\n\t\t\t\t\t\t.formcraft-css .fc-form.fc-form-1 input[type=\"checkbox\"]:hover,\n\t\t\t\t\t\t.formcraft-css .fc-form.fc-form-1 input[type=\"radio\"]:hover,\n\t\t\t\t\t\t.formcraft-css .fc-form.fc-form-1 input[type=\"checkbox\"]:focus,\n\t\t\t\t\t\t.formcraft-css .fc-form.fc-form-1 input[type=\"radio\"]:focus,\n\t\t\t\t\t\t.formcraft-css .fc-form.fc-form-1 label:hover>input[type=\"checkbox\"],\n\t\t\t\t\t\t.formcraft-css .fc-form.fc-form-1 label:hover>input[type=\"radio\"]\n\t\t\t\t\t\t{\n\t\t\t\t\t\t\tborder-color: ;\n\t\t\t\t\t\t}\n\t\t\t\t\t\t.formcraft-css .fc-form.fc-form-1 .form-element .form-element-html input[type=\"text\"]:focus,\n\t\t\t\t\t\t.formcraft-css .fc-form.fc-form-1 .form-element .form-element-html input[type=\"password\"]:focus,\n\t\t\t\t\t\t.formcraft-css .fc-form.fc-form-1 .form-element .form-element-html input[type=\"tel\"]:focus,\n\t\t\t\t\t\t.formcraft-css .fc-form.fc-form-1 .form-element .form-element-html input[type=\"color\"]:focus,\n\t\t\t\t\t\t.formcraft-css .fc-form.fc-form-1 .form-element .form-element-html input[type=\"date\"]:focus,\n\t\t\t\t\t\t.formcraft-css .fc-form.fc-form-1 .form-element .form-element-html input[type=\"datetime\"]:focus,\n\t\t\t\t\t\t.formcraft-css .fc-form.fc-form-1 .form-element .form-element-html input[type=\"datetime-local\"]:focus,\n\t\t\t\t\t\t.formcraft-css .fc-form.fc-form-1 .form-element .form-element-html input[type=\"email\"]:focus,\n\t\t\t\t\t\t.formcraft-css .fc-form.fc-form-1 .form-element .form-element-html input[type=\"month\"]:focus,\n\t\t\t\t\t\t.formcraft-css .fc-form.fc-form-1 .form-element .form-element-html input[type=\"number\"]:focus,\n\t\t\t\t\t\t.formcraft-css .fc-form.fc-form-1 .form-element .form-element-html input[type=\"tel\"]:focus,\n\t\t\t\t\t\t.formcraft-css .fc-form.fc-form-1 .form-element .form-element-html input[type=\"password\"]:focus,\n\t\t\t\t\t\t.formcraft-css .fc-form.fc-form-1 .form-element .form-element-html input[type=\"search\"]:focus,\n\t\t\t\t\t\t.formcraft-css .fc-form.fc-form-1 .form-element .form-element-html input[type=\"tel\"]:focus,\n\t\t\t\t\t\t.formcraft-css .fc-form.fc-form-1 .form-element .form-element-html input[type=\"text\"]:focus,\n\t\t\t\t\t\t.formcraft-css .fc-form.fc-form-1 .form-element .form-element-html input[type=\"time\"]:focus,\n\t\t\t\t\t\t.formcraft-css .fc-form.fc-form-1 .form-element .form-element-html input[type=\"url\"]:focus,\n\t\t\t\t\t\t.formcraft-css .fc-form.fc-form-1 .form-element .form-element-html input[type=\"week\"]:focus,\n\t\t\t\t\t\t.formcraft-css .fc-form.fc-form-1 .form-element .form-element-html textarea:focus,\n\t\t\t\t\t\t.formcraft-css .fc-form.fc-form-1 .form-element .form-element-html select:focus\n\t\t\t\t\t\t{\n\t\t\t\t\t\t\tborder-color: #ff0000;\n\t\t\t\t\t\t}\n\t\t\t\t\t\t.formcraft-css .fc-form.fc-form-1\t\t\t\t\t\t{\n\t\t\t\t\t\t\tfont-family: inherit;\n\t\t\t\t\t\t}\n\t\t\t\t\t\thtml .formcraft-css .fc-form.fc-form-1 .form-element input[type=\"text\"],\n\t\t\t\t\t\thtml .formcraft-css .fc-form.fc-form-1 .form-element input[type=\"password\"],\n\t\t\t\t\t\thtml .formcraft-css .fc-form.fc-form-1 .form-element input[type=\"color\"],\n\t\t\t\t\t\thtml .formcraft-css .fc-form.fc-form-1 .form-element input[type=\"date\"],\n\t\t\t\t\t\thtml .formcraft-css .fc-form.fc-form-1 .form-element input[type=\"datetime\"],\n\t\t\t\t\t\thtml .formcraft-css .fc-form.fc-form-1 .form-element input[type=\"datetime-local\"],\n\t\t\t\t\t\thtml .formcraft-css .fc-form.fc-form-1 .form-element input[type=\"email\"],\n\t\t\t\t\t\thtml .formcraft-css .fc-form.fc-form-1 .form-element input[type=\"month\"],\n\t\t\t\t\t\thtml .formcraft-css .fc-form.fc-form-1 .form-element input[type=\"number\"],\n\t\t\t\t\t\thtml .formcraft-css .fc-form.fc-form-1 .form-element input[type=\"search\"],\n\t\t\t\t\t\thtml .formcraft-css .fc-form.fc-form-1 .form-element input[type=\"tel\"],\n\t\t\t\t\t\thtml .formcraft-css .fc-form.fc-form-1 .form-element input[type=\"tel\"],\n\t\t\t\t\t\thtml .formcraft-css .fc-form.fc-form-1 .form-element input[type=\"time\"],\n\t\t\t\t\t\thtml .formcraft-css .fc-form.fc-form-1 .form-element input[type=\"url\"],\n\t\t\t\t\t\thtml .formcraft-css .fc-form.fc-form-1 .form-element input[type=\"week\"],\n\t\t\t\t\t\thtml .formcraft-css .fc-form.fc-form-1 .form-element select,\n\t\t\t\t\t\thtml .formcraft-css .fc-form.fc-form-1 .form-element textarea\n\t\t\t\t\t\t{\n\t\t\t\t\t\t\tbackground-color: ;\n\t\t\t\t\t\t}\n\t\t\t\t\t\thtml .formcraft-css .fc-form.fc-form-1 .form-element .error\n\t\t\t\t\t\t{\n\t\t\t\t\t\t\tbackground: transparent;\n\t\t\t\t\t\t}\n\t\t\t\t\t\t@media (max-width : 480px) {\n\t\t\t\t\t\t\thtml .dedicated-page,\n\t\t\t\t\t\t\thtml .dedicated-page .formcraft-css .fc-pagination > div.active\n\t\t\t\t\t\t\t{\n\t\t\t\t\t\t\t\tbackground: transparent;\n\t\t\t\t\t\t\t}\n\t\t\t\t\t\t}\n\t\t\t\t\t<\/style>\n\t\t\t\t\t<div class=\"form-cover\">\n\t\t\t\t\t\t<form data-thousand=\"\" data-decimal=\".\" data-delay=\"\" data-id=\"1\" class=\"fc-form fc-form-1 align- spin- save-form- dont-submit-hidden- remove-asterisk- icons-hide- label-placeholder frame-hidden field-alignment-left\" style=\"width: 500px; color: #000000; font-size: 100%; background: transparent\">\n\t\t\t\t\t\t\t<div class=\"form-page form-page-0\" data-index=\"0\">\n\t\t\t\t\t\t\t\t\n\t\t\t\t\t\t\t\t<div class=\"form-page-content ng-pristine   ng-isolate-scope \">\n\t\t\t\t\t\t\t\t\t<!-- ngRepeat: element in page track by element.identifier --><div data-identifier=\"field1\" data-index=\"0\" style=\"width: 50%\" class=\" form-element form-element-field1 options-false index-false form-element-0 default-false form-element-type-oneLineText is-required-true odd -handle\">\n\t\t\t\t\t\t\t\t\t\t<div class=\"form-element-html\"><div ><div class=\"oneLineText-cover field-cover \"><span class=\"sub-label-true\"><span class=\"main-label\"><span >Ad<\/span><\/span><span class=\"sub-label\"><\/span><\/span><div><span class=\"error\"><\/span><input type=\"text\" placeholder=\"Ad\" data-field-id=\"field1\" name=\"field1[]\" data-min-char=\"\" data-max-char=\"\" data-val-type=\"\" data-regexp=\"\" data-is-required=\"true\" data-allow-spaces=\"\" class=\"validation-lenient\" data-placement=\"right\" data-toggle=\"tooltip\" tooltip=\"\" data-trigger=\"focus\" data-html=\"true\" data-input-mask=\"\" data-mask-placeholder=\"\" data-original-title=\"\"><i class=\"no-icon\"><\/i><\/div><\/div><\/div><\/div>\n\t\t\t\t\t\t\t\t\t\t\n\t\t\t\t\t\t\t\t\t<\/div><!-- end ngRepeat: element in page track by element.identifier --><div data-identifier=\"field2\" data-index=\"1\" style=\"width: 50%\" class=\" even form-element form-element-field2 options-false index-false form-element-1 default-false form-element-type-oneLineText is-required-true -handle\">\n\t\t\t\t\t\t\t\t\t\t<div class=\"form-element-html\"><div ><div class=\"oneLineText-cover field-cover \"><span class=\"sub-label-true\"><span class=\"main-label\"><span >Telefon<\/span><\/span><span class=\"sub-label\"><\/span><\/span><div><span class=\"error\"><\/span><input type=\"text\" placeholder=\"Telefon\" data-field-id=\"field2\" name=\"field2[]\" data-min-char=\"\" data-max-char=\"\" data-val-type=\"\" data-regexp=\"\" data-is-required=\"true\" data-allow-spaces=\"\" class=\"validation-lenient\" data-placement=\"right\" data-toggle=\"tooltip\" tooltip=\"\" data-trigger=\"focus\" data-html=\"true\" data-input-mask=\"\" data-mask-placeholder=\"\" data-original-title=\"\"><i class=\"no-icon\"><\/i><\/div><\/div><\/div><\/div>\n\t\t\t\t\t\t\t\t\t\t\n\t\t\t\t\t\t\t\t\t<\/div><!-- end ngRepeat: element in page track by element.identifier --><div data-identifier=\"field3\" data-index=\"2\" style=\"width: 50%\" class=\" form-element form-element-field3 options-false index-false form-element-2 default-false form-element-type-oneLineText is-required-true odd -handle\">\n\t\t\t\t\t\t\t\t\t\t<div class=\"form-element-html\"><div ><div class=\"oneLineText-cover field-cover \"><span class=\"sub-label-true\"><span class=\"main-label\"><span >Konu<\/span><\/span><span class=\"sub-label\"><\/span><\/span><div><span class=\"error\"><\/span><input type=\"text\" placeholder=\"Konu\" data-field-id=\"field3\" name=\"field3[]\" data-min-char=\"\" data-max-char=\"\" data-val-type=\"\" data-regexp=\"\" data-is-required=\"true\" data-allow-spaces=\"\" class=\"validation-lenient\" data-placement=\"right\" data-toggle=\"tooltip\" tooltip=\"\" data-trigger=\"focus\" data-html=\"true\" data-input-mask=\"\" data-mask-placeholder=\"\" data-original-title=\"\"><i class=\"no-icon\"><\/i><\/div><\/div><\/div><\/div>\n\t\t\t\t\t\t\t\t\t\t\n\t\t\t\t\t\t\t\t\t<\/div><!-- end ngRepeat: element in page track by element.identifier --><div data-identifier=\"field4\" data-index=\"3\" style=\"width: 50%\" class=\" even form-element form-element-field4 options-false index-false form-element-3 default-false form-element-type-submit is-required-false -handle\">\n\t\t\t\t\t\t\t\t\t\t<div class=\"form-element-html\"><div ><div class=\"animate-true align-left wide-false submit-cover field-cover\"><button type=\"submit\" class=\"button submit-button\"><span class=\"text \">G\u00f6nder<\/span><span class=\"spin-cover\"><i style=\"color:\" class=\"loading-icon icon-cog animate-spin\"><\/i><\/span><\/button><\/div><div class=\"submit-response \"><\/div><input type=\"text\" class=\"required_field \" name=\"website\"><\/div><\/div>\n\t\t\t\t\t\t\t\t\t\t\n\t\t\t\t\t\t\t\t\t<\/div><!-- end ngRepeat: element in page track by element.identifier -->\n\t\t\t\t\t\t\t\t<\/div>\n\t\t\t\t\t\t\t<\/div>\n\t\t\t\t\t\t<\/form>\n\t\t\t\t\t\t<div class=\"prev-next prev-next-1\" style=\"width: 500px; color: #000000; font-size: 100%; background: transparent\">\n\t\t\t\t\t\t\t<div><input type=\"text\" class=\"ng-pristine  \"><span class=\"inactive page-prev \"><i class=\"icon-angle-left\"><\/i>Previous<\/span><\/div>\n\t\t\t\t\t\t\t<div><input type=\"text\" class=\"ng-pristine  \"><span class=\"page-next \">Next<i class=\"icon-angle-right\"><\/i><\/span><\/div>\n\t\t\t\t\t\t<\/div>\n\t\t\t\t\t<\/div><\/div>[\/vc_column_text][\/vc_column][\/vc_row]<\/p>\n","protected":false},"excerpt":{"rendered":"<p>[vc_row full_width=&#8221;stretch_row&#8221; content_placement=&#8221;middle&#8221;][vc_column width=&#8221;1\/2&#8243;][vc_single_image image=&#8221;57&#8243; img_size=&#8221;full&#8221; alignment=&#8221;center&#8221; style=&#8221;vc_box_rounded&#8221;][\/vc_column][vc_column width=&#8221;1\/2&#8243;][vc_custom_heading text=&#8221;Hakk\u0131m\u0131zda&#8221; use_theme_fonts=&#8221;yes&#8221;][vc_separator color=&#8221;custom&#8221; align=&#8221;align_left&#8221; border_width=&#8221;3&#8243; el_width=&#8221;10&#8243; accent_color=&#8221;#ff0000&#8243;][vc_column_text]HAKKIMIZDA: 1994 y\u0131l\u0131nda g\u0131da ticareti yapmak \u00fczere kurulan Erpaz G\u0131da \u0130htiya\u00e7 Maddeleri \u0130malat ve Pazarlama Limited \u015eirketi, ticari hayat\u0131na 1995\u2019te g\u00fcven sermayesi ve 250m\u00b2 depolama alan\u0131 ile ba\u015flam\u0131\u015ft\u0131r. Toplu t\u00fcketim, perakende ve e-ticaret sekt\u00f6r\u00fcndeki geli\u015fmelere cevap verebilmek ad\u0131na y\u0131llar i\u00e7inde&hellip;<\/p>\n","protected":false},"author":1,"featured_media":0,"parent":0,"menu_order":0,"comment_status":"closed","ping_status":"closed","template":"","meta":[],"_links":{"self":[{"href":"http:\/\/www.erpazgida.com\/index.php\/wp-json\/wp\/v2\/pages\/6"}],"collection":[{"href":"http:\/\/www.erpazgida.com\/index.php\/wp-json\/wp\/v2\/pages"}],"about":[{"href":"http:\/\/www.erpazgida.com\/index.php\/wp-json\/wp\/v2\/types\/page"}],"author":[{"embeddable":true,"href":"http:\/\/www.erpazgida.com\/index.php\/wp-json\/wp\/v2\/users\/1"}],"replies":[{"embeddable":true,"href":"http:\/\/www.erpazgida.com\/index.php\/wp-json\/wp\/v2\/comments?post=6"}],"version-history":[{"count":12,"href":"http:\/\/www.erpazgida.com\/index.php\/wp-json\/wp\/v2\/pages\/6\/revisions"}],"predecessor-version":[{"id":34,"href":"http:\/\/www.erpazgida.com\/index.php\/wp-json\/wp\/v2\/pages\/6\/revisions\/34"}],"wp:attachment":[{"href":"http:\/\/www.erpazgida.com\/index.php\/wp-json\/wp\/v2\/media?parent=6"}],"curies":[{"name":"wp","href":"https:\/\/api.w.org\/{rel}","templated":true}]}}